{"id":14,"date":"2016-03-11T08:54:13","date_gmt":"2016-03-11T08:54:13","guid":{"rendered":"http:\/\/emu2017.unimore.it\/?page_id=14"},"modified":"2019-02-25T18:00:14","modified_gmt":"2019-02-25T18:00:14","slug":"organizing-committee","status":"publish","type":"page","link":"https:\/\/emu2019.unimore.it\/?page_id=14","title":{"rendered":"Organizing Committee"},"content":{"rendered":"<p>Angelica Albano (Universit\u00e0 di Pavia \u2013 Rotaract, Italy)<\/p>\n<p>Prof. Alessandro F. Gualtieri (Universit\u00e0 di Modena e R.E.)<\/p>\n<p>Dott. Massimo Barbieri (Universit\u00e0 di Modena e R.E.)<\/p>\n<p>Prof. Elena Belluso (Universit\u00e0 di Torino)<\/p>\n<p>Dr. Silvana Capella (Universit\u00e0 di Torino)<\/p>\n<p>Dr. MD, Daniela Degiovanni (Hospice Zaccheo, Casale Monferrato)<\/p>\n<p>Dr. Maria Grazia Gatti\u00a0(Istituto Sobrero, Italy)<\/p>\n<p>Prof. Reto Gier\u00e9 (University of Pennsylvania, USA)<\/p>\n<p>Avv. Davide Noviello (Foro di Torino, Italy)<\/p>\n<p>Dr. Orietta Sala (Universit\u00e0 di Modena e R.E.)<\/p>\n<p>Dr. Riccardo Rota (Istituto Sobrero, Italy)<\/p>\n<p>Dr. PhD Francesco Turci (Universit\u00e0 di Torino, Italy)<\/p>\n<p>Dr. PhD Ruggero Vigliaturo (University of Pennsylvania, USA)<\/p>\n<p>\u00a0<\/p>\n\n\n<p><\/p>\n","protected":false},"excerpt":{"rendered":"<p>Angelica Albano (Universit\u00e0 di Pavia \u2013 Rotaract, Italy) Prof. Alessandro F. Gualtieri (Universit\u00e0 di Modena e R.E.) Dott. Massimo Barbieri (Universit\u00e0 di Modena e R.E.) Prof. Elena Belluso (Universit\u00e0 di Torino) Dr. Silvana Capella (Universit\u00e0 di Torino) Dr. MD, Daniela Degiovanni (Hospice Zaccheo, Casale Monferrato) Dr. Maria Grazia Gatti\u00a0(Istituto Sobrero,\u2026<\/p>\n<p class=\"continue-reading-button\"> <a class=\"continue-reading-link\" href=\"https:\/\/emu2019.unimore.it\/?page_id=14\">Continue reading<i class=\"crycon-right-dir\"><\/i><\/a><\/p>\n","protected":false},"author":1,"featured_media":0,"parent":0,"menu_order":2,"comment_status":"closed","ping_status":"closed","template":"","meta":{"footnotes":""},"class_list":["post-14","page","type-page","status-publish","hentry"],"_links":{"self":[{"href":"https:\/\/emu2019.unimore.it\/index.php?rest_route=\/wp\/v2\/pages\/14","targetHints":{"allow":["GET"]}}],"collection":[{"href":"https:\/\/emu2019.unimore.it\/index.php?rest_route=\/wp\/v2\/pages"}],"about":[{"href":"https:\/\/emu2019.unimore.it\/index.php?rest_route=\/wp\/v2\/types\/page"}],"author":[{"embeddable":true,"href":"https:\/\/emu2019.unimore.it\/index.php?rest_route=\/wp\/v2\/users\/1"}],"replies":[{"embeddable":true,"href":"https:\/\/emu2019.unimore.it\/index.php?rest_route=%2Fwp%2Fv2%2Fcomments&post=14"}],"version-history":[{"count":4,"href":"https:\/\/emu2019.unimore.it\/index.php?rest_route=\/wp\/v2\/pages\/14\/revisions"}],"predecessor-version":[{"id":615,"href":"https:\/\/emu2019.unimore.it\/index.php?rest_route=\/wp\/v2\/pages\/14\/revisions\/615"}],"wp:attachment":[{"href":"https:\/\/emu2019.unimore.it\/index.php?rest_route=%2Fwp%2Fv2%2Fmedia&parent=14"}],"curies":[{"name":"wp","href":"https:\/\/api.w.org\/{rel}","templated":true}]}}